{"id":338,"date":"2014-05-20T09:30:48","date_gmt":"2014-05-20T07:30:48","guid":{"rendered":"http:\/\/www.maritimemeile-haren.de\/admin\/?page_id=338"},"modified":"2014-07-18T09:58:00","modified_gmt":"2014-07-18T07:58:00","slug":"211-cum-deo","status":"publish","type":"page","link":"http:\/\/www.maritimemeile-haren.de\/admin\/211-cum-deo\/","title":{"rendered":"211 CUM DEO"},"content":{"rendered":"<p><a href=\"http:\/\/www.maritimemeile-haren.de\/admin\/wp-content\/uploads\/2014\/05\/211_tab.jpg\"><img loading=\"lazy\" decoding=\"async\" class=\"alignnone size-full wp-image-1811\" src=\"http:\/\/www.maritimemeile-haren.de\/admin\/wp-content\/uploads\/2014\/05\/211_tab.jpg\" alt=\"Layout 1\" width=\"600\" height=\"292\" srcset=\"http:\/\/www.maritimemeile-haren.de\/admin\/wp-content\/uploads\/2014\/05\/211_tab.jpg 600w, http:\/\/www.maritimemeile-haren.de\/admin\/wp-content\/uploads\/2014\/05\/211_tab-300x146.jpg 300w\" sizes=\"(max-width: 600px) 100vw, 600px\" \/><\/a><\/p>\n<p><a href=\"http:\/\/www.maritimemeile-haren.de\/admin\/wp-content\/uploads\/2014\/05\/211_Cum-Deo-_1.jpg\"><img loading=\"lazy\" decoding=\"async\" class=\"alignnone size-full wp-image-1810\" src=\"http:\/\/www.maritimemeile-haren.de\/admin\/wp-content\/uploads\/2014\/05\/211_Cum-Deo-_1.jpg\" alt=\"211_Cum Deo, _1\" width=\"600\" height=\"363\" srcset=\"http:\/\/www.maritimemeile-haren.de\/admin\/wp-content\/uploads\/2014\/05\/211_Cum-Deo-_1.jpg 600w, http:\/\/www.maritimemeile-haren.de\/admin\/wp-content\/uploads\/2014\/05\/211_Cum-Deo-_1-300x181.jpg 300w\" sizes=\"(max-width: 600px) 100vw, 600px\" \/><\/a><\/p>\n<p><span style=\"font-size: 10pt;\">Cum Deo<\/span><\/p>\n<h5>Aus der Geschichte:<\/h5>\n<p style=\"text-align: justify;\"><span style=\"font-size: 12pt;\">Die Familientradition wei\u00df zu berichten, dass von der Familie Lohmann P\u00fcntenschifffahrt seit Generationen betrieben wurde. Stephan Lohmann lie\u00df 1905 die P\u00fcnte \u201eHAREN 65\u201c bauen, die bis zum Kauf des Motorschiffes \u201eBERNHARD\u201c im Jahre 1918 ihren Dienst tat. Im Jahre 1931 gab Kapit\u00e4n Stephan Lohmann der Werft Apol den Auftrag zum Bau des Motorseglers \u201eCUM DEO\u201c. Es fuhr haupts\u00e4chlich St\u00fcckgut von Mannheim nach Berlin. W\u00e4hrend des Krieges wurde das Schiff mehrmals be\u00adschlag\u00adnahmt und als Nachschubschiff eingesetzt. Im April 1945 wurde es in Hamburg durch einen Bombenvolltreffer versenkt und erst 1946 gehoben. 1948 brachte man das Schiff nach Oldersum und \u00fcberholte es vollst\u00e4ndig. Gleichzeitig wurde ein st\u00e4rkerer Motor von 135 PS eingebaut. Unter F\u00fchrung des Kapit\u00e4ns Bernhard Lohmann wurde es dann wieder in Fahrt gesetzt. Im Mai 1962 an August\u00a0 Osterkamp, Barssel. Am 11.03.1970 auf der Unterweser nach einer Kollision schwer besch\u00e4digt und 1971 abgewrackt.<\/span><\/p>\n<p><a href=\"http:\/\/www.maritimemeile-haren.de\/admin\/wp-content\/uploads\/2014\/05\/211_71.jpg\"><img loading=\"lazy\" decoding=\"async\" class=\"alignnone wp-image-2990 size-full\" src=\"http:\/\/www.maritimemeile-haren.de\/admin\/wp-content\/uploads\/2014\/05\/211_71.jpg\" alt=\"\" width=\"600\" height=\"603\" srcset=\"http:\/\/www.maritimemeile-haren.de\/admin\/wp-content\/uploads\/2014\/05\/211_71.jpg 600w, http:\/\/www.maritimemeile-haren.de\/admin\/wp-content\/uploads\/2014\/05\/211_71-150x150.jpg 150w, http:\/\/www.maritimemeile-haren.de\/admin\/wp-content\/uploads\/2014\/05\/211_71-298x300.jpg 298w, http:\/\/www.maritimemeile-haren.de\/admin\/wp-content\/uploads\/2014\/05\/211_71-144x144.jpg 144w\" sizes=\"(max-width: 600px) 100vw, 600px\" \/><\/a><\/p>\n<p><span style=\"font-size: 10pt;\">Arbeiten an Bord der CUM DEO, (Bauj. 1931, 230 t)<\/span><br \/>\n<span style=\"font-size: 10pt;\">(Foto: Bernhard Lohmann)<\/span><\/p>\n<p><a href=\"http:\/\/www.maritimemeile-haren.de\/admin\/wp-content\/uploads\/2014\/05\/211_300.jpg\"><img loading=\"lazy\" decoding=\"async\" class=\"alignnone size-full wp-image-3744\" src=\"http:\/\/www.maritimemeile-haren.de\/admin\/wp-content\/uploads\/2014\/05\/211_300.jpg\" alt=\"211_300\" width=\"600\" height=\"422\" srcset=\"http:\/\/www.maritimemeile-haren.de\/admin\/wp-content\/uploads\/2014\/05\/211_300.jpg 600w, http:\/\/www.maritimemeile-haren.de\/admin\/wp-content\/uploads\/2014\/05\/211_300-300x211.jpg 300w\" sizes=\"(max-width: 600px) 100vw, 600px\" \/><\/a><\/p>\n<p><span style=\"font-size: 10pt;\">Familie Bernhard Heinrich Lohmann (um 1912) v.l: Bernhard, Stephan, Bernhard Heinrich, Wilhelm,<\/span><br \/>\n<span style=\"font-size: 10pt;\">Christine, Hermann, Maria L., geb. Lammers, Heinrich<\/span><br \/>\n<span style=\"font-size: 10pt;\">(Foto: Adele Cordes)<\/span><\/p>\n","protected":false},"excerpt":{"rendered":"<p>Cum Deo Aus der Geschichte: Die Familientradition wei\u00df zu berichten, dass von der Familie Lohmann P\u00fcntenschifffahrt seit Generationen betrieben wurde. Stephan Lohmann lie\u00df 1905 die P\u00fcnte \u201eHAREN 65\u201c bauen, die&hellip; <\/p>\n","protected":false},"author":1,"featured_media":0,"parent":0,"menu_order":211,"comment_status":"closed","ping_status":"closed","template":"","meta":{"footnotes":""},"_links":{"self":[{"href":"http:\/\/www.maritimemeile-haren.de\/admin\/wp-json\/wp\/v2\/pages\/338"}],"collection":[{"href":"http:\/\/www.maritimemeile-haren.de\/admin\/wp-json\/wp\/v2\/pages"}],"about":[{"href":"http:\/\/www.maritimemeile-haren.de\/admin\/wp-json\/wp\/v2\/types\/page"}],"author":[{"embeddable":true,"href":"http:\/\/www.maritimemeile-haren.de\/admin\/wp-json\/wp\/v2\/users\/1"}],"replies":[{"embeddable":true,"href":"http:\/\/www.maritimemeile-haren.de\/admin\/wp-json\/wp\/v2\/comments?post=338"}],"version-history":[{"count":7,"href":"http:\/\/www.maritimemeile-haren.de\/admin\/wp-json\/wp\/v2\/pages\/338\/revisions"}],"predecessor-version":[{"id":3745,"href":"http:\/\/www.maritimemeile-haren.de\/admin\/wp-json\/wp\/v2\/pages\/338\/revisions\/3745"}],"wp:attachment":[{"href":"http:\/\/www.maritimemeile-haren.de\/admin\/wp-json\/wp\/v2\/media?parent=338"}],"curies":[{"name":"wp","href":"https:\/\/api.w.org\/{rel}","templated":true}]}}