{"id":423,"date":"2014-05-20T10:21:46","date_gmt":"2014-05-20T08:21:46","guid":{"rendered":"http:\/\/www.maritimemeile-haren.de\/admin\/?page_id=423"},"modified":"2014-07-10T14:06:30","modified_gmt":"2014-07-10T12:06:30","slug":"250-maria-ex-maria-alexander","status":"publish","type":"page","link":"http:\/\/www.maritimemeile-haren.de\/admin\/250-maria-ex-maria-alexander\/","title":{"rendered":"250 MARIA"},"content":{"rendered":"<p><a href=\"http:\/\/www.maritimemeile-haren.de\/admin\/wp-content\/uploads\/2014\/05\/250_tab.jpg\"><img loading=\"lazy\" decoding=\"async\" class=\"alignnone size-full wp-image-1944\" src=\"http:\/\/www.maritimemeile-haren.de\/admin\/wp-content\/uploads\/2014\/05\/250_tab.jpg\" alt=\"Layout 1\" width=\"600\" height=\"292\" srcset=\"http:\/\/www.maritimemeile-haren.de\/admin\/wp-content\/uploads\/2014\/05\/250_tab.jpg 600w, http:\/\/www.maritimemeile-haren.de\/admin\/wp-content\/uploads\/2014\/05\/250_tab-300x146.jpg 300w\" sizes=\"(max-width: 600px) 100vw, 600px\" \/><\/a><\/p>\n<p><a href=\"http:\/\/www.maritimemeile-haren.de\/admin\/wp-content\/uploads\/2014\/05\/250_Maria_1.jpg\"><img loading=\"lazy\" decoding=\"async\" class=\"alignnone size-full wp-image-1943\" src=\"http:\/\/www.maritimemeile-haren.de\/admin\/wp-content\/uploads\/2014\/05\/250_Maria_1.jpg\" alt=\"250_Maria_1\" width=\"600\" height=\"398\" srcset=\"http:\/\/www.maritimemeile-haren.de\/admin\/wp-content\/uploads\/2014\/05\/250_Maria_1.jpg 600w, http:\/\/www.maritimemeile-haren.de\/admin\/wp-content\/uploads\/2014\/05\/250_Maria_1-300x199.jpg 300w\" sizes=\"(max-width: 600px) 100vw, 600px\" \/><\/a><\/p>\n<p><span style=\"font-size: 10pt;\">Maria<\/span><\/p>\n<h5>Aus der Geschichte:<\/h5>\n<p style=\"text-align: justify;\"><span style=\"font-size: 12pt;\">Die \u201eMARIA\u201c war zun\u00e4chst ein Binnenschiff und f\u00fcr Timotheus Kiepe als Kasko gebaut worden. Nach dem Erwerb durch Heinrich J\u00fcngerhans wurde das Schiff am 25.06.1934 in das Seeschiffsregister Emden eingetragen und als Motorsegler eingesetzt. 1938 erhielt die \u201eMARIA\u201c einen neuen Motor. <\/span><\/p>\n<p style=\"text-align: justify;\"><span style=\"font-size: 12pt;\">Mit Vertrag vom 1.10.1940 \u00fcbernahm sein Sohn Stephan J\u00fcngerhans das Schiff. Als das Schiff zum Ende des Krieges durch einen Tieffliegerangriff einen Maschinenschaden erlitten hatte, versuchte der Kapit\u00e4n das Schiff nach Haren zu bringen. Stephan J\u00fcngerhans gelangte aber nur bis Steinbild, wo das Schiff auf Anordnung der deutschen Beh\u00f6rden gesprengt werden sollte. Es wurde aber durch das L\u00f6sen von Ventilen und Nieten selbst versenkt. Zusammen mit den Schiffen \u201eCHRISTA\u201c und \u201eL\u00dcBBERT\u201c lag das Schiff bis 1947 in Steinbild. <\/span><\/p>\n<p style=\"text-align: justify;\"><span style=\"font-size: 12pt;\">Nach dem Krieg fuhr das Schiff f\u00fcr den STV Haren und die Reederei Lehnkering. 1964 erfolgte der Abbruch in Deutschland.<\/span><\/p>\n<p style=\"text-align: justify;\"><a href=\"http:\/\/www.maritimemeile-haren.de\/admin\/wp-content\/uploads\/2014\/05\/250_3.jpg\"><img loading=\"lazy\" decoding=\"async\" class=\"alignnone size-full wp-image-3316\" src=\"http:\/\/www.maritimemeile-haren.de\/admin\/wp-content\/uploads\/2014\/05\/250_3.jpg\" alt=\"250_3\" width=\"600\" height=\"270\" srcset=\"http:\/\/www.maritimemeile-haren.de\/admin\/wp-content\/uploads\/2014\/05\/250_3.jpg 600w, http:\/\/www.maritimemeile-haren.de\/admin\/wp-content\/uploads\/2014\/05\/250_3-300x135.jpg 300w\" sizes=\"(max-width: 600px) 100vw, 600px\" \/><\/a><\/p>\n<p style=\"text-align: justify;\"><span style=\"font-size: 10pt;\">Motorsegler Maria bei der Loreley (Foto: Bernhard J\u00fcngerhans)<\/span><\/p>\n<p style=\"text-align: justify;\"><a href=\"http:\/\/www.maritimemeile-haren.de\/admin\/wp-content\/uploads\/2014\/05\/250.jpg\"><img loading=\"lazy\" decoding=\"async\" class=\"alignnone size-full wp-image-3317\" src=\"http:\/\/www.maritimemeile-haren.de\/admin\/wp-content\/uploads\/2014\/05\/250.jpg\" alt=\"250\" width=\"600\" height=\"288\" srcset=\"http:\/\/www.maritimemeile-haren.de\/admin\/wp-content\/uploads\/2014\/05\/250.jpg 600w, http:\/\/www.maritimemeile-haren.de\/admin\/wp-content\/uploads\/2014\/05\/250-300x144.jpg 300w\" sizes=\"(max-width: 600px) 100vw, 600px\" \/><\/a><\/p>\n<p><span style=\"font-size: 10pt;\">MARIA (Gem\u00e4ldevorlage farbig)\u00a0\u00a0\u00a0 (Bildvorlage: Reederei J\u00fcngerhans)<\/span><\/p>\n<p><a href=\"http:\/\/www.maritimemeile-haren.de\/admin\/wp-content\/uploads\/2014\/05\/250_7.jpg\"><img loading=\"lazy\" decoding=\"async\" class=\"alignnone size-full wp-image-2812\" src=\"http:\/\/www.maritimemeile-haren.de\/admin\/wp-content\/uploads\/2014\/05\/250_7.jpg\" alt=\"250_7\" width=\"600\" height=\"384\" srcset=\"http:\/\/www.maritimemeile-haren.de\/admin\/wp-content\/uploads\/2014\/05\/250_7.jpg 600w, http:\/\/www.maritimemeile-haren.de\/admin\/wp-content\/uploads\/2014\/05\/250_7-300x192.jpg 300w\" sizes=\"(max-width: 600px) 100vw, 600px\" \/><\/a><\/p>\n<p><span style=\"font-size: 10pt;\">Harener Motorsegler in Horsens: MARIA ALEXANDER (links), STEPHAN (rechts)<\/span><br \/>\n<span style=\"font-size: 10pt;\">(Foto: Maria Kiepe)<br \/>\n<\/span><\/p>\n","protected":false},"excerpt":{"rendered":"<p>Maria Aus der Geschichte: Die \u201eMARIA\u201c war zun\u00e4chst ein Binnenschiff und f\u00fcr Timotheus Kiepe als Kasko gebaut worden. Nach dem Erwerb durch Heinrich J\u00fcngerhans wurde das Schiff am 25.06.1934 in&hellip; <\/p>\n","protected":false},"author":1,"featured_media":0,"parent":0,"menu_order":250,"comment_status":"closed","ping_status":"closed","template":"","meta":{"footnotes":""},"_links":{"self":[{"href":"http:\/\/www.maritimemeile-haren.de\/admin\/wp-json\/wp\/v2\/pages\/423"}],"collection":[{"href":"http:\/\/www.maritimemeile-haren.de\/admin\/wp-json\/wp\/v2\/pages"}],"about":[{"href":"http:\/\/www.maritimemeile-haren.de\/admin\/wp-json\/wp\/v2\/types\/page"}],"author":[{"embeddable":true,"href":"http:\/\/www.maritimemeile-haren.de\/admin\/wp-json\/wp\/v2\/users\/1"}],"replies":[{"embeddable":true,"href":"http:\/\/www.maritimemeile-haren.de\/admin\/wp-json\/wp\/v2\/comments?post=423"}],"version-history":[{"count":9,"href":"http:\/\/www.maritimemeile-haren.de\/admin\/wp-json\/wp\/v2\/pages\/423\/revisions"}],"predecessor-version":[{"id":3421,"href":"http:\/\/www.maritimemeile-haren.de\/admin\/wp-json\/wp\/v2\/pages\/423\/revisions\/3421"}],"wp:attachment":[{"href":"http:\/\/www.maritimemeile-haren.de\/admin\/wp-json\/wp\/v2\/media?parent=423"}],"curies":[{"name":"wp","href":"https:\/\/api.w.org\/{rel}","templated":true}]}}