{"id":4356,"date":"2014-10-27T08:50:57","date_gmt":"2014-10-27T06:50:57","guid":{"rendered":"http:\/\/www.maritimemeile-haren.de\/admin\/?page_id=4356"},"modified":"2014-10-27T12:02:28","modified_gmt":"2014-10-27T10:02:28","slug":"grusswort","status":"publish","type":"page","link":"http:\/\/www.maritimemeile-haren.de\/admin\/grusswort\/","title":{"rendered":"Gru\u00dfwort"},"content":{"rendered":"<p style=\"text-align: justify;\"><img loading=\"lazy\" decoding=\"async\" class=\"alignnone size-full wp-image-4408\" src=\"http:\/\/www.maritimemeile-haren.de\/admin\/wp-content\/uploads\/2014\/10\/Logo-Haren_Volle-Kraft.png\" alt=\"Logo Haren_Volle Kraft\" width=\"300\" height=\"190\" \/><\/p>\n<p style=\"text-align: justify;\"><span style=\"font-size: 12pt;\">Die Geschichte der Harener Schiffer wird in unserer Stadt mit viel Engagement wach und lebendig gehalten.<\/span><\/p>\n<p style=\"text-align: justify;\"><span style=\"font-size: 12pt;\">Mit der Maritimen Meile wurde durch den Heimatverein Haren (Ems) gemeinsam mit der Stadt Haren (Ems) ein kurzweiliger Rundweg an historischer St\u00e4tte geschaffen, der das maritime Flair unserer Schifferstadt auf einzigartige Weise visualisiert.<\/span><\/p>\n<p style=\"text-align: justify;\"><span style=\"font-size: 12pt;\">Hier k\u00f6nnen Sie eintauchen in die Geschichte der ersten Harener Schiffer, \u00fcber deren Leben und Arbeiten das Schifffahrtsmuseum mit den zahlreichen Museumsschiffen und historischen St\u00e4tten erz\u00e4hlt.<\/span><\/p>\n<p style=\"text-align: justify;\"><span style=\"font-size: 12pt;\">Mit den neu eingelassenen Tafeln entlang der maritimen Meile hat der Heimatverein Haren (Ems) nun ein weiteres touristisches Highlight hinzugef\u00fcgt. Diese sprichw\u00f6rtlichen \u201eMeilensteine\u201c halten die Erinnerung an Schiffe, Reedereien und Schifferfamilien unserer Stadt aufrecht, stellen ein St\u00fcck kulturelles Erbe auf hervorragende Weise dar und bieten zugleich einen hohen Informationswert f\u00fcr interessierte Einwohner und G\u00e4ste.<\/span><\/p>\n<p style=\"text-align: justify;\"><span style=\"font-size: 12pt;\">Zugleich wird die heutige Verbundenheit der Schifferstadt Haren (Ems) zum Wasser deutlich: Viele Reedereien und Binnenschiffer sind auch heute noch hier beheimatet. Haren (Ems) ist damit einer der bedeutendsten Reedereistandorte Deutschlands, auch wenn sich die Branche seit der Wirtschaftskrise 2008 in schwerem Fahrwasser befindet.<\/span><\/p>\n<p style=\"text-align: justify;\"><span style=\"font-size: 12pt;\">Herzlich gedankt sei an dieser Stelle den zahlreichen Privatpersonen, Unternehmen und Sponsoren, die durch ihr finanzielles Engagement das Gravieren der Tafeln erm\u00f6glicht haben, sowie dem Heimatverein Haren (Ems) und allen Mitwirkenden f\u00fcr die gelungene Umsetzung des Projektes.<\/span><\/p>\n<p style=\"text-align: justify;\"><img loading=\"lazy\" decoding=\"async\" class=\"alignnone size-full wp-image-4413\" src=\"http:\/\/www.maritimemeile-haren.de\/admin\/wp-content\/uploads\/2014\/10\/Honnigfort.png\" alt=\"Honnigfort\" width=\"250\" height=\"222\" \/><\/p>\n<p style=\"text-align: justify;\">\n","protected":false},"excerpt":{"rendered":"<p>Die Geschichte der Harener Schiffer wird in unserer Stadt mit viel Engagement wach und lebendig gehalten. Mit der Maritimen Meile wurde durch den Heimatverein Haren (Ems) gemeinsam mit der Stadt&hellip; <\/p>\n","protected":false},"author":1,"featured_media":0,"parent":0,"menu_order":0,"comment_status":"closed","ping_status":"closed","template":"","meta":{"footnotes":""},"_links":{"self":[{"href":"http:\/\/www.maritimemeile-haren.de\/admin\/wp-json\/wp\/v2\/pages\/4356"}],"collection":[{"href":"http:\/\/www.maritimemeile-haren.de\/admin\/wp-json\/wp\/v2\/pages"}],"about":[{"href":"http:\/\/www.maritimemeile-haren.de\/admin\/wp-json\/wp\/v2\/types\/page"}],"author":[{"embeddable":true,"href":"http:\/\/www.maritimemeile-haren.de\/admin\/wp-json\/wp\/v2\/users\/1"}],"replies":[{"embeddable":true,"href":"http:\/\/www.maritimemeile-haren.de\/admin\/wp-json\/wp\/v2\/comments?post=4356"}],"version-history":[{"count":11,"href":"http:\/\/www.maritimemeile-haren.de\/admin\/wp-json\/wp\/v2\/pages\/4356\/revisions"}],"predecessor-version":[{"id":4414,"href":"http:\/\/www.maritimemeile-haren.de\/admin\/wp-json\/wp\/v2\/pages\/4356\/revisions\/4414"}],"wp:attachment":[{"href":"http:\/\/www.maritimemeile-haren.de\/admin\/wp-json\/wp\/v2\/media?parent=4356"}],"curies":[{"name":"wp","href":"https:\/\/api.w.org\/{rel}","templated":true}]}}