{"id":4955,"date":"2014-11-06T10:57:44","date_gmt":"2014-11-06T08:57:44","guid":{"rendered":"http:\/\/www.maritimemeile-haren.de\/admin\/?page_id=4955"},"modified":"2014-11-06T15:14:59","modified_gmt":"2014-11-06T13:14:59","slug":"thea-angela-nach-der-restaurierung-im-jahre-2013","status":"publish","type":"page","link":"http:\/\/www.maritimemeile-haren.de\/admin\/thea-angela-nach-der-restaurierung-im-jahre-2013\/","title":{"rendered":"Thea Angela nach der Restaurierung im Jahre 2013"},"content":{"rendered":"<p style=\"text-align: justify;\"><span class=\"Apple-style-span\" style=\"font-size: 12pt;\">Die &#8222;THEA-ANGELA&#8220; wurde 1929 auf der Werft &#8222;Wolthuis &amp; Sohn&#8220; in Veendam (NL) als eisernes Schleppschiff gebaut: L\u00e4nge: 34 m, Breite: 6,02 m, H\u00f6he: 1,95 m. Auftraggeber war der Schiffer Rudolf Schepers aus Haren (Ems). &#8222;Thea&#8220; war der Name seiner Ehefrau, &#8222;Angela&#8220; der seiner Mutter.\u00a0<\/span><\/p>\n<p style=\"text-align: justify;\"><span style=\"font-size: 12pt;\">Nach verschiedenen Umbauten und der Motorisierung erhielt das Schiff die Fahrterlaubnis f\u00fcr das Watt sowie f\u00fcr Jade und Weser. Seine Hauptfunktion bestand in der Versorgung der Ostfriesischen Inseln mit Baumaterial f\u00fcr unterschiedlichste Zwecke.<\/span><\/p>\n<p style=\"text-align: justify;\"><span style=\"font-size: 12pt;\">Im Jahre 1991 gelang es dem Heimatverein Haren (Ems) e.V., das Wattmotorschiff vor dem Abwracken zu retten. Im Innern dieses Museumsschiffes findet man:<\/span><\/p>\n<ul>\n<li><span style=\"font-size: 12pt;\">\u00dcberreste einer gesunkenen Emsp\u00fcnte<\/span><\/li>\n<li><span style=\"font-size: 12pt;\">Werkzeuge aus einer alten Werftschmiede<\/span><\/li>\n<li><span style=\"font-size: 12pt;\">Utensilien zur Segelmacherei<\/span><\/li>\n<li><span style=\"font-size: 12pt;\">Exponate zur Geschichte einzelner Harener Schifferfamilien<\/span><\/li>\n<li><span style=\"font-size: 12pt;\">Infos zur Geschichte, zum Fahrtgebiet und zur Ladung des Schiffes<\/span><\/li>\n<li><span style=\"font-size: 12pt;\">drei Motoren und dazu geh\u00f6rende Ersatzteile<\/span><\/li>\n<\/ul>\n<p>&nbsp;<\/p>\n","protected":false},"excerpt":{"rendered":"<p>Die &#8222;THEA-ANGELA&#8220; wurde 1929 auf der Werft &#8222;Wolthuis &amp; Sohn&#8220; in Veendam (NL) als eisernes Schleppschiff gebaut: L\u00e4nge: 34 m, Breite: 6,02 m, H\u00f6he: 1,95 m. Auftraggeber war der Schiffer&hellip; <\/p>\n","protected":false},"author":1,"featured_media":4956,"parent":0,"menu_order":0,"comment_status":"closed","ping_status":"closed","template":"","meta":{"footnotes":""},"_links":{"self":[{"href":"http:\/\/www.maritimemeile-haren.de\/admin\/wp-json\/wp\/v2\/pages\/4955"}],"collection":[{"href":"http:\/\/www.maritimemeile-haren.de\/admin\/wp-json\/wp\/v2\/pages"}],"about":[{"href":"http:\/\/www.maritimemeile-haren.de\/admin\/wp-json\/wp\/v2\/types\/page"}],"author":[{"embeddable":true,"href":"http:\/\/www.maritimemeile-haren.de\/admin\/wp-json\/wp\/v2\/users\/1"}],"replies":[{"embeddable":true,"href":"http:\/\/www.maritimemeile-haren.de\/admin\/wp-json\/wp\/v2\/comments?post=4955"}],"version-history":[{"count":3,"href":"http:\/\/www.maritimemeile-haren.de\/admin\/wp-json\/wp\/v2\/pages\/4955\/revisions"}],"predecessor-version":[{"id":4986,"href":"http:\/\/www.maritimemeile-haren.de\/admin\/wp-json\/wp\/v2\/pages\/4955\/revisions\/4986"}],"wp:featuredmedia":[{"embeddable":true,"href":"http:\/\/www.maritimemeile-haren.de\/admin\/wp-json\/wp\/v2\/media\/4956"}],"wp:attachment":[{"href":"http:\/\/www.maritimemeile-haren.de\/admin\/wp-json\/wp\/v2\/media?parent=4955"}],"curies":[{"name":"wp","href":"https:\/\/api.w.org\/{rel}","templated":true}]}}