{"id":586,"date":"2014-05-20T11:27:55","date_gmt":"2014-05-20T09:27:55","guid":{"rendered":"http:\/\/www.maritimemeile-haren.de\/admin\/?page_id=586"},"modified":"2014-10-30T12:10:05","modified_gmt":"2014-10-30T10:10:05","slug":"329-deymann-rohrbau-gmbh-co-kg","status":"publish","type":"page","link":"http:\/\/www.maritimemeile-haren.de\/admin\/329-deymann-rohrbau-gmbh-co-kg\/","title":{"rendered":"329 DEYMANN ROHRBAU"},"content":{"rendered":"<p><a href=\"http:\/\/www.maritimemeile-haren.de\/admin\/wp-content\/uploads\/2014\/05\/329_tab.jpg\"><img loading=\"lazy\" decoding=\"async\" class=\"alignnone size-full wp-image-2203\" src=\"http:\/\/www.maritimemeile-haren.de\/admin\/wp-content\/uploads\/2014\/05\/329_tab.jpg\" alt=\"Layout 1\" width=\"600\" height=\"292\" srcset=\"http:\/\/www.maritimemeile-haren.de\/admin\/wp-content\/uploads\/2014\/05\/329_tab.jpg 600w, http:\/\/www.maritimemeile-haren.de\/admin\/wp-content\/uploads\/2014\/05\/329_tab-300x146.jpg 300w\" sizes=\"(max-width: 600px) 100vw, 600px\" \/><\/a><\/p>\n<p><a href=\"http:\/\/www.maritimemeile-haren.de\/admin\/wp-content\/uploads\/2014\/05\/329_Deymann-Rohrbau_1.jpg\"><img loading=\"lazy\" decoding=\"async\" class=\"alignnone size-full wp-image-2204\" src=\"http:\/\/www.maritimemeile-haren.de\/admin\/wp-content\/uploads\/2014\/05\/329_Deymann-Rohrbau_1.jpg\" alt=\"329_Deymann Rohrbau_1\" width=\"600\" height=\"401\" srcset=\"http:\/\/www.maritimemeile-haren.de\/admin\/wp-content\/uploads\/2014\/05\/329_Deymann-Rohrbau_1.jpg 600w, http:\/\/www.maritimemeile-haren.de\/admin\/wp-content\/uploads\/2014\/05\/329_Deymann-Rohrbau_1-300x200.jpg 300w\" sizes=\"(max-width: 600px) 100vw, 600px\" \/><\/a><\/p>\n<p><span style=\"font-size: 10pt;\">Deymann Rohrbau<\/span><\/p>\n<p><a href=\"http:\/\/www.deymann-rohrbau.de\">www.deymann-rohrbau.de<\/a><\/p>\n<p><a href=\"http:\/\/www.maritimemeile-haren.de\/admin\/wp-content\/uploads\/2014\/05\/329_30.jpg\"><img loading=\"lazy\" decoding=\"async\" class=\"alignnone size-full wp-image-4267\" src=\"http:\/\/www.maritimemeile-haren.de\/admin\/wp-content\/uploads\/2014\/05\/329_30.jpg\" alt=\"329_30\" width=\"600\" height=\"271\" srcset=\"http:\/\/www.maritimemeile-haren.de\/admin\/wp-content\/uploads\/2014\/05\/329_30.jpg 600w, http:\/\/www.maritimemeile-haren.de\/admin\/wp-content\/uploads\/2014\/05\/329_30-300x135.jpg 300w\" sizes=\"(max-width: 600px) 100vw, 600px\" \/><\/a><\/p>\n<p style=\"text-align: justify;\"><span style=\"font-size: 12pt;\">Seit nunmehr 10 Jahren ist die Deymann Rohrbau als inhabergef\u00fchrtes Spezialunternehmen im Rohrleitungs- und Anlagenbau aktiv. Mit besonderer Kompetenz in der Konzeption, der Planung und dem Bau von Rohrleitungssystemen insbesondere im Schiffbau gingen Rudi Deymann und seine Mitarbeiter einen erfolgreichen Weg. Ob Tanker in der Binnenfahrt oder komplexe System bei Seeschiffen, die Erfahrung des Harener Spezialisten ist vielf\u041altig gefragt. <\/span><\/p>\n<p style=\"text-align: justify;\"><span style=\"font-size: 12pt;\">Rudi Deymann, Firmengr\u00fcnder und Gesch.ftsf\u00fchrer, verf\u00fcgt \u00fcber jahrzehntelange Erfahrung im Rohrleitungs- und Anlagenbau. Die Mitarbeiter sind als gelernte Rohrleitungsbauer erfahrene und verantwortungsbewusste Fachkr\u041afteund verf\u00fcgen \u00fcber vielf\u041altige Schwei.pr\u00fcfungen und weitere Qualifikationen.<\/span><\/p>\n<p style=\"text-align: justify;\"><span style=\"font-size: 12pt;\">Zur Jubil\u00e4umsfeier erschienen zahlreiche G\u00e4ste aus dem beruflichen und privaten Umfeld, darunter Falk Hassenpflug von der IHK sowie viele Vertreter von Partnerbetreiben aus dem Kompetenzbereich Binnenschifffahrt in Haren. Firmenchef Rudi Deymann dankte seinen Mitarbeitern, Kunden und Lieferanten, nicht zuletzt auch seiner Familie, f\u00fcr die bisher erhaltene Unterst\u00fctzung. Diese habe zu einem stetigen Wachstum gef\u00fchrt. So konnte Deymann Rohrbau in den letzten f\u00fcnf Jahren unter anderem rund 40 Binnentanker mit den entsprechenden Systemen ausstatten. <\/span><\/p>\n<p style=\"text-align: justify;\"><span style=\"font-size: 12pt;\">Die Krise in der Schifffahrt sei an seinem Unternehmen weitgehend vorbei gegangen: \u201eF\u00fcr Krise hatten wir keine Zeit\u201c, so Deymann in der ihm eigenen saloppen Art. Abh\u00e4ngig von der Aufgabestellung entstehen die Entw\u00fcrfe bei Deymann Rohrbau inzwischen unter Einsatz modernster CAD-Technik, immer vor dem Hintergrund der Effizienz und der Kosten-Nutzen-Relation. Eine Vielzahl von ausgestatteten Neubauten wie auch zahlreiche Umbauten zeugen von der Leistungsbreite von Rohrbau Deymann. <\/span><\/p>\n<p style=\"text-align: justify;\"><span style=\"font-size: 12pt;\">Auch bei Reparaturen hat Deymann spezifische St\u00e4rken: Wenn m\u00f6glich, wird der entsprechende Service, in welchem Hafen auch immer, w\u00e4hrend<\/span> <span style=\"font-size: 12pt;\">des L\u00f6schvorganges erledigt. Zus\u00e4tzliche Liegezeiten werden vermieden, Kosten gespart. \u201eKomplette Rohrleitungssysteme einschlie\u00dflich aller Pumpen und Aggregate f\u00fcr Tanker, auch bei Heizsystemen, in Stahl oder Edelstahl, jede zul\u00e4ssige Art von Isolierungen, verschiedene Schwei\u00dftechniken, das sind unsere willkommenen Herausforderungen\u201c beschreibt Rudi Deymann gegen\u00fcber dem Emsblick das Leistungsspektrum seines Betriebes. <\/span><\/p>\n<p style=\"text-align: justify;\"><span style=\"font-size: 12pt;\">In der gro\u00dfen Halle an der Industriestra\u00dfe wird geschwei\u00dft, vorgerichtet, optimiert. Mit Spezial-Biegemaschinen, die besonders pr\u00e4zise und elektronisch gesteuert arbeiten, entstehen auch Serienfertigungen. Alle g\u00e4ngigen Schwei\u00dfverfahren, ob WIG, ob MAG oder mit der Elektrode, werden praktiziert. W\u00e4hrend bis vor kurzem auf dem eigenen Au\u00dfengel\u00e4nde die jeweiligen gesamten Systeme komplett aufgebaut und l\u00fcckenlos gepr\u00fcft wurden, erm\u00f6glicht heute eine moderne 3-D-Software eine entsprechende Arbeitsvorbereitung.<\/span><\/p>\n<p>&nbsp;<\/p>\n<p>&nbsp;<\/p>\n","protected":false},"excerpt":{"rendered":"<p>Deymann Rohrbau www.deymann-rohrbau.de Seit nunmehr 10 Jahren ist die Deymann Rohrbau als inhabergef\u00fchrtes Spezialunternehmen im Rohrleitungs- und Anlagenbau aktiv. Mit besonderer Kompetenz in der Konzeption, der Planung und dem Bau&hellip; <\/p>\n","protected":false},"author":1,"featured_media":0,"parent":0,"menu_order":329,"comment_status":"closed","ping_status":"closed","template":"","meta":{"footnotes":""},"_links":{"self":[{"href":"http:\/\/www.maritimemeile-haren.de\/admin\/wp-json\/wp\/v2\/pages\/586"}],"collection":[{"href":"http:\/\/www.maritimemeile-haren.de\/admin\/wp-json\/wp\/v2\/pages"}],"about":[{"href":"http:\/\/www.maritimemeile-haren.de\/admin\/wp-json\/wp\/v2\/types\/page"}],"author":[{"embeddable":true,"href":"http:\/\/www.maritimemeile-haren.de\/admin\/wp-json\/wp\/v2\/users\/1"}],"replies":[{"embeddable":true,"href":"http:\/\/www.maritimemeile-haren.de\/admin\/wp-json\/wp\/v2\/comments?post=586"}],"version-history":[{"count":12,"href":"http:\/\/www.maritimemeile-haren.de\/admin\/wp-json\/wp\/v2\/pages\/586\/revisions"}],"predecessor-version":[{"id":4551,"href":"http:\/\/www.maritimemeile-haren.de\/admin\/wp-json\/wp\/v2\/pages\/586\/revisions\/4551"}],"wp:attachment":[{"href":"http:\/\/www.maritimemeile-haren.de\/admin\/wp-json\/wp\/v2\/media?parent=586"}],"curies":[{"name":"wp","href":"https:\/\/api.w.org\/{rel}","templated":true}]}}